{"id":12,"date":"2020-03-24T16:59:50","date_gmt":"2020-03-24T16:59:50","guid":{"rendered":"http:\/\/foeveledo.de\/?page_id=12"},"modified":"2024-04-30T12:01:05","modified_gmt":"2024-04-30T12:01:05","slug":"impressum","status":"publish","type":"page","link":"https:\/\/foeveledo.de\/?page_id=12","title":{"rendered":"Impressum"},"content":{"rendered":"\n<p><strong>F\u00f6rderverein LRS Dortmund e.V.<\/strong><br>Verantwortlich f\u00fcr den Webauftritt: Thomas R\u00f6ttger<br>Webdesign: <a href=\"http:\/\/www.mikschulz.de\">www.mikschulz.de<\/a>   <\/p>\n\n\n\n<p><strong> 1. Vorsitzender<\/strong><br> Benny Alze<br>Stoffdruckerweg 35 | 58313 Herdecke<br>Telefon 0177 4664877<\/p>\n\n\n\n<p><strong>Rechnungsf\u00fchrer<\/strong><br>Thomas R\u00f6ttger<br>Breisenbachstr. 9 | 44357 Dortmund<br>Telefon 0231 355151 | Fax 0231 355158<\/p>\n\n\n\n<p><strong>2. Vorsitzende<\/strong><br>Britta Waltenberg<br>Ender Mark 5 | 58313 Herdecke<br>Telefon 02330 74261<\/p>\n\n\n\n<div class=\"wp-block-file\"><a href=\"http:\/\/foeveledo.de\/wp-content\/uploads\/2020\/03\/Satzung.pdf\">Satzung<\/a><a href=\"http:\/\/foeveledo.de\/wp-content\/uploads\/2020\/03\/Satzung.pdf\" class=\"wp-block-file__button wp-element-button\" download>Herunterladen<\/a><\/div>\n\n\n\n<p><strong>Haftung f\u00fcr Inhalte<\/strong><br>Die Inhalte unserer Seiten wurden mit gr\u00f6\u00dfter Sorgfalt erstellt. F\u00fcr die Richtigkeit, Vollst\u00e4ndigkeit und Aktualit\u00e4t der Inhalte k\u00f6nnen wir jedoch keine Gew\u00e4hr \u00fcbernehmen.     <\/p>\n\n\n\n<p>Als Diensteanbieter sind wir gem\u00e4\u00df \u00a7 7 Abs.1 TMG f\u00fcr eigene Inhalte auf diesen Seiten nach den allgemeinen Gesetzen verantwortlich. Nach \u00a7\u00a7 8 bis 10 TMG sind wir als Diensteanbieter jedoch nicht verpflichtet, \u00fcbermittelte oder gespeicherte fremde Informationen zu \u00fcberwachen oder nach Umst\u00e4nden zu forschen, die auf eine rechtswidrige T\u00e4tigkeit hinweisen. Verpflichtungen zur Entfernung oder Sperrung der Nutzung von Informationen nach den allgemeinen Gesetzen bleiben hiervon unber\u00fchrt. Eine diesbez\u00fcgliche Haftung ist jedoch erst ab dem Zeitpunkt der Kenntnis einer konkreten Rechtsverletzung m\u00f6glich. Bei Bekanntwerden von entsprechenden Rechtsverletzungen werden wir diese Inhalte umgehend entfernen.<\/p>\n\n\n\n<p><strong>Haftung f\u00fcr Links<\/strong><br>Unser Angebot enth\u00e4lt Links zu externen Webseiten Dritter, auf deren Inhalte wir keinen Einfluss haben. Deshalb k\u00f6nnen wir f\u00fcr diese fremden Inhalte auch keine Gew\u00e4hr \u00fcbernehmen. F\u00fcr die Inhalte der verlinkten Seiten ist stets der jeweilige Anbieter oder Betreiber der Seiten verantwortlich. Die verlinkten Seiten wurden zum Zeitpunkt der Verlinkung auf m\u00f6gliche Rechtsverst\u00f6\u00dfe \u00fcberpr\u00fcft. Rechtswidrige Inhalte waren zum Zeitpunkt der Verlinkung nicht erkennbar. Eine permanente inhaltliche Kontrolle der verlinkten Seiten ist jedoch ohne konkrete Anhaltspunkte einer Rechtsverletzung nicht zumutbar. Bei Bekanntwerden von Rechtsverletzungen werden wir derartige Links umgehend entfernen.<\/p>\n\n\n\n<p><strong>Urheberrecht<\/strong><br>Die durch die Seitenbetreiber erstellten Inhalte und Werke auf diesen Seiten unterliegen dem deutschen Urheberrecht. Beitr\u00e4ge Dritter sind als solche gekennzeichnet. Die Vervielf\u00e4ltigung, Bearbeitung, Verbreitung und jede Art der Verwertung au\u00dferhalb der Grenzen des Urheberrechtes bed\u00fcrfen der schriftlichen Zustimmung des jeweiligen Autors bzw. Erstellers. Downloads und Kopien dieser Seite sind nur f\u00fcr den privaten, nicht kommerziellen Gebrauch gestattet.<\/p>\n\n\n\n<p>Die Betreiber der Seiten sind bem\u00fcht, stets die Urheberrechte anderer zu beachten bzw. auf selbst erstellte sowie lizenzfreie Werke zur\u00fcckzugreifen.<\/p>\n\n\n\n<p><strong>Datenschutz <\/strong><br>Soweit auf unseren Seiten personenbezogene Daten (beispielsweise Name, Anschrift oder E-Mail-Adressen) erhoben werden, erfolgt dies, soweit m\u00f6glich, stets auf freiwilliger Basis. Die Nutzung der Angebote und Dienste ist, soweit m\u00f6glich, stets ohne Angabe personenbezogener Daten m\u00f6glich. <\/p>\n\n\n\n<p>Wir weisen darauf hin, dass die Daten\u00fcbertragung im Internet (z.B. bei der Kommunikation per E-Mail) Sicherheitsl\u00fccken aufweisen kann. Ein l\u00fcckenloser Schutz der Daten vor dem Zugriff durch Dritte ist nicht m\u00f6glich. <\/p>\n\n\n\n<p>Der Nutzung von im Rahmen der Impressumspflicht ver\u00f6ffentlichten Kontaktdaten durch Dritte zur \u00dcbersendung von nicht ausdr\u00fccklich angeforderter Werbung und Informationsmaterialien wird hiermit ausdr\u00fccklich widersprochen. Die Betreiber der Seiten behalten sich ausdr\u00fccklich rechtliche Schritte im Falle der unverlangten Zusendung von Werbeinformationen, etwa durch Spam-Mails, vor.<\/p>\n\n\n\n<p><strong>Quelle: eRecht24.de <\/strong><\/p>\n","protected":false},"excerpt":{"rendered":"<p>F\u00f6rderverein LRS Dortmund e.V.Verantwortlich f\u00fcr den Webauftritt: Thomas R\u00f6ttgerWebdesign: www.mikschulz.de 1. Vorsitzender Benny AlzeStoffdruckerweg 35 | 58313 HerdeckeTelefon 0177 4664877 Rechnungsf\u00fchrerThomas R\u00f6ttgerBreisenbachstr. 9 | 44357 DortmundTelefon 0231 355151 | Fax 0231 355158 2. VorsitzendeBritta WaltenbergEnder Mark 5 | 58313 HerdeckeTelefon 02330 74261 Haftung f\u00fcr InhalteDie Inhalte unserer Seiten wurden mit gr\u00f6\u00dfter Sorgfalt erstellt. F\u00fcr die&#8230;<\/p>\n","protected":false},"author":1,"featured_media":81,"parent":0,"menu_order":0,"comment_status":"closed","ping_status":"closed","template":"","meta":{"footnotes":""},"class_list":["post-12","page","type-page","status-publish","has-post-thumbnail","hentry"],"_links":{"self":[{"href":"https:\/\/foeveledo.de\/index.php?rest_route=\/wp\/v2\/pages\/12","targetHints":{"allow":["GET"]}}],"collection":[{"href":"https:\/\/foeveledo.de\/index.php?rest_route=\/wp\/v2\/pages"}],"about":[{"href":"https:\/\/foeveledo.de\/index.php?rest_route=\/wp\/v2\/types\/page"}],"author":[{"embeddable":true,"href":"https:\/\/foeveledo.de\/index.php?rest_route=\/wp\/v2\/users\/1"}],"replies":[{"embeddable":true,"href":"https:\/\/foeveledo.de\/index.php?rest_route=%2Fwp%2Fv2%2Fcomments&post=12"}],"version-history":[{"count":4,"href":"https:\/\/foeveledo.de\/index.php?rest_route=\/wp\/v2\/pages\/12\/revisions"}],"predecessor-version":[{"id":249,"href":"https:\/\/foeveledo.de\/index.php?rest_route=\/wp\/v2\/pages\/12\/revisions\/249"}],"wp:featuredmedia":[{"embeddable":true,"href":"https:\/\/foeveledo.de\/index.php?rest_route=\/wp\/v2\/media\/81"}],"wp:attachment":[{"href":"https:\/\/foeveledo.de\/index.php?rest_route=%2Fwp%2Fv2%2Fmedia&parent=12"}],"curies":[{"name":"wp","href":"https:\/\/api.w.org\/{rel}","templated":true}]}}