{"id":2,"date":"2020-03-24T03:48:21","date_gmt":"2020-03-24T03:48:21","guid":{"rendered":"http:\/\/foeveledo.de\/?page_id=2"},"modified":"2020-03-25T10:04:50","modified_gmt":"2020-03-25T10:04:50","slug":"sample-page","status":"publish","type":"page","link":"https:\/\/foeveledo.de\/","title":{"rendered":"F\u00fcr Menschen mit Lese-Rechtschreib-Schw\u00e4che sind auch kurze Texte ein Labyrinth von Buchstaben."},"content":{"rendered":"<p><span class=\"Stil3\" style=\"color: #94a6b0;\"><strong>Der F\u00f6rderverein LRS Dortmund e.V. ist als Selbsthilfegruppe ein Zusammenschluss von betroffenen Eltern, deren Kinder an einer Lese-Rechtschreib-Schw\u00e4che leiden.<\/strong> <\/span><\/p>\n<p class=\"Stil4\">Diese Kinder bed\u00fcrfen dringend der Hilfe und Unterst\u00fctzung, um nicht in den Teufelskreis von Verhaltensauff\u00e4lligkeiten, Lernblockaden, psychischen St\u00f6rungen, usw. zu geraten. Der Gefahr, sie zu gesellschaftlichen Au\u00dfenseitern zu machen, wollen wir entgegentreten.<\/p>\n<p class=\"Stil3\"><span style=\"color: #94a6b0;\"><strong>Lesen, Schreiben und Rechnen sind Kulturtechniken, die f\u00fcr jede Art der Ausbildung und f\u00fcr das gesamte Leben unentbehrlich sind.<\/strong><\/span><\/p>\n<p class=\"Stil4\">Der F\u00f6rderverein LRS Dortmund e.V. als gemeinn\u00fctzig anerkannter Verein, bietet den betroffenen Kindern eine gezielte und individuelle F\u00f6rderung, die sich der Problemlage, dem Lernstand und dem Lerntempo der Kinder anpasst. Der Unterricht findet einmal w\u00f6chentlich statt und wird von P\u00e4dagogen durchgef\u00fchrt, die sich mit dem Bedingungsgef\u00fcge der Lese-Rechtschreib-Schw\u00e4che auskennen und nach entsprechenden F\u00f6rderprogrammen arbeiten.<\/p>\n<p class=\"Stil3\"><span style=\"color: #94a6b0;\"><strong>Auch bei optimalen F\u00f6rderungsbedingungen kann nicht prognostiziert werden, f\u00fcr wie lange ein F\u00f6rderbedarf besteht.<\/strong><\/span><\/p>\n<p class=\"Stil4\">Eltern sollen und m\u00fcssen den F\u00f6rderprozess begleiten. Ihre Mitarbeit sowie der Kontakt zur F\u00f6rderlehrerin sind notwendig, um der Individualit\u00e4t des Kindes gerecht zu werden und eine optimale F\u00f6rderung zu erreichen. Wir f\u00fchren regelm\u00e4\u00dfig Elternabende durch, um Anregungen und Tipps zu geben, Fragen zu beantworten und in Gespr\u00e4chskreisen das Austauschen von Erfahrungen zu erm\u00f6glichen.<\/p>\n","protected":false},"excerpt":{"rendered":"<p>Der F\u00f6rderverein LRS Dortmund e.V. ist als Selbsthilfegruppe ein Zusammenschluss von betroffenen Eltern, deren Kinder an einer Lese-Rechtschreib-Schw\u00e4che leiden. Diese Kinder bed\u00fcrfen dringend der Hilfe und Unterst\u00fctzung, um nicht in den Teufelskreis von Verhaltensauff\u00e4lligkeiten, Lernblockaden, psychischen St\u00f6rungen, usw. zu geraten. Der Gefahr, sie zu gesellschaftlichen Au\u00dfenseitern zu machen, wollen wir entgegentreten. Lesen, Schreiben und Rechnen&#8230;<\/p>\n","protected":false},"author":1,"featured_media":75,"parent":0,"menu_order":0,"comment_status":"closed","ping_status":"open","template":"","meta":{"footnotes":""},"class_list":["post-2","page","type-page","status-publish","has-post-thumbnail","hentry"],"_links":{"self":[{"href":"https:\/\/foeveledo.de\/index.php?rest_route=\/wp\/v2\/pages\/2","targetHints":{"allow":["GET"]}}],"collection":[{"href":"https:\/\/foeveledo.de\/index.php?rest_route=\/wp\/v2\/pages"}],"about":[{"href":"https:\/\/foeveledo.de\/index.php?rest_route=\/wp\/v2\/types\/page"}],"author":[{"embeddable":true,"href":"https:\/\/foeveledo.de\/index.php?rest_route=\/wp\/v2\/users\/1"}],"replies":[{"embeddable":true,"href":"https:\/\/foeveledo.de\/index.php?rest_route=%2Fwp%2Fv2%2Fcomments&post=2"}],"version-history":[{"count":3,"href":"https:\/\/foeveledo.de\/index.php?rest_route=\/wp\/v2\/pages\/2\/revisions"}],"predecessor-version":[{"id":76,"href":"https:\/\/foeveledo.de\/index.php?rest_route=\/wp\/v2\/pages\/2\/revisions\/76"}],"wp:featuredmedia":[{"embeddable":true,"href":"https:\/\/foeveledo.de\/index.php?rest_route=\/wp\/v2\/media\/75"}],"wp:attachment":[{"href":"https:\/\/foeveledo.de\/index.php?rest_route=%2Fwp%2Fv2%2Fmedia&parent=2"}],"curies":[{"name":"wp","href":"https:\/\/api.w.org\/{rel}","templated":true}]}}